{"id":57,"date":"2017-02-04T09:10:23","date_gmt":"2017-02-04T09:10:23","guid":{"rendered":"https:\/\/judo-wels.at\/?page_id=57"},"modified":"2018-05-01T17:24:00","modified_gmt":"2018-05-01T17:24:00","slug":"verein","status":"publish","type":"page","link":"https:\/\/judo-wels.at\/?page_id=57","title":{"rendered":"Verein"},"content":{"rendered":"<p><strong>2016:<\/strong><\/p>\n<p>Multikraft Wels erreicht das Final 4 der \u00f6sterreichischen Bundesliga und belegt Platz 3. Mit der <a href=\"http:\/\/www.fh-ooe.at\"><strong>FH O\u00d6<\/strong><\/a> konnte ein weiterer gro\u00dfer Sponsor gefunden werden.<\/p>\n<p><strong>2000:<\/strong><\/p>\n<p>Beim Frauen-Weltturnier in Fukuoka (Japan) belegt <a href=\"http:\/\/www.sabrina.filzmoser.at\">Sabrina Filzmoser<\/a> Platz f\u00fcnf.<\/p>\n<p><strong>1999:<\/strong><\/p>\n<p>In Rom vervollst\u00e4ndigt <a href=\"http:\/\/www.sabrina.filzmoser.at\">Sabrina Filzmoser<\/a> ihre EM-Medaillensammlung durch <strong>Silber<\/strong> (Juniorinnen, bis 52 Kilogramm). Sie verfehlt mit Rang neun bei ihrer ersten Frauen-WM in Birmingham knapp die Olympia-Qualifikation f\u00fcr Sydney.<\/p>\n<p><strong>1998:<\/strong><\/p>\n<p>Am 22. November jubelt <a href=\"http:\/\/www.sabrina.filzmoser.at\">Sabrina Filzmoser<\/a> in Bukarest \u00fcber ihren <strong>ersten Europameistertitel<\/strong> (Juniorinnen, bis 52 Kilogramm)<\/p>\n<p><strong>1997:<\/strong><\/p>\n<p><a href=\"http:\/\/www.sabrina.filzmoser.at\">Sabrina Filzmoser<\/a> erk\u00e4mpft bei der Europameisterschaft der Juniorinnen in Laibach Bronze (bis 52 Kilogramm).<\/p>\n<p><strong>1996:<\/strong><\/p>\n<p>Abstieg des Herren-Teams in die Staatsliga B (Nationalliga).<\/p>\n<p><strong>1994:<\/strong><\/p>\n<p>Multikraft Wels stellt erstmals in der Frauen-Landesliga ein Team (Nicole Gahleitner, <a href=\"https:\/\/judo-wels.at\/verein\">Sabrina Filzmoser<\/a>, Sabine Habel, Olivera Milenkovic, Pavlina Pechovicova, Birgit Zauner) und schafft auf Anhieb Bronze. In der Herren-Staatsliga sind die Staatsmeister Peter Kittinger und Josef Schm\u00f6ller die Leistungstr\u00e4ger.<\/p>\n<p><strong>1992:<\/strong><\/p>\n<p>Rang vier in der Staatsliga A. Das erste internationale Colop-Masters in der Sporthalle Lichtenegg (Siegerin <a href=\"http:\/\/www.sabrina.filzmoser.at\">Sabrina Filzmoser<\/a>) ist von Erfolg gekr\u00f6nt.<\/p>\n<p><strong>1990:<\/strong><\/p>\n<p>Multikraft Wels schafft als Vorletzter den Klassenerhalt in \u00d6sterreichs h\u00f6chster Liga.<\/p>\n<p><strong>1989:<\/strong><\/p>\n<p>Josef Schm\u00f6ller gewinnt das Austrian-Open-Turnier in Wels.<\/p>\n<p><strong>1988:<\/strong><\/p>\n<p>Meistertitel und Wiederaufstieg in die Staatsliga A. Die Firma <a href=\"https:\/\/www.multikraft.com\/de\/\">Multikraft<\/a> wird als Sponsor gewonnen. Vereinsname: <strong>Judo-Leistungszentrum Multikraft Wels<\/strong>. Top-Talent Sabrina Filzmoser wird bei der 13. Judokurs-Aktion entdeckt.<\/p>\n<p><strong>1987:<\/strong><\/p>\n<p>Fusion Ask\u00f6 Wels und SV Wallern. Das LZ Wels-Wallern wird ein eigener Verein und schafft auf Anhieb Platz zwei in der Staatsliga B. Mehr zur Vereinsgeschichte des SV Wallern mailto: <a href=\"mailto:wolfgang.stadlbauer@fh-wels.at\">wolfgang.stadlbauer@fh-wels.at<\/a><\/p>\n<p><strong>1985:<\/strong><\/p>\n<p>Pepi Schm\u00f6ller belegt beim Herren-Weltturnier in Leonding Platz drei im Schwergewicht. Gesellschaftlicher H\u00f6hepunkt: Mallorca-Flugreise.<\/p>\n<p><strong>1980:<\/strong><\/p>\n<p>Aufstieg in die Staatsliga B.<\/p>\n<p><strong>1979:<\/strong><\/p>\n<p>Neubeginn unter Alfred Eder in der Herren-Landesliga.<\/p>\n<p><strong>1978:<\/strong><\/p>\n<p>Vorsto\u00df des Welser Teams ins Europacup-Viertelfinale. Anschlie\u00dfend Zerfall des Eudora-Meisterteams (Martin und Helmut Sinkovits, Willi Reizelsdorfer, Jurek Jatowtt, Josef Perndorfer, Robert K\u00f6stenberger, Gustav Huber).<\/p>\n<p><strong>1977:<\/strong><\/p>\n<p>Dank Sponsor <a href=\"https:\/\/www.eudora-qualitaet-ein-leben-lang.at\">Eudora<\/a> und hochkar\u00e4tigen Verst\u00e4rkungen wird Ask\u00f6 Wels Mannschafts-Staatsmeister. Manager Franz Mitter sorgt durch spektakul\u00e4re Aktionen f\u00fcr ein Rauschen im Bl\u00e4tterwald.<\/p>\n<p><strong>1976:<\/strong><\/p>\n<p>Der eingeb\u00fcrgerte Pole Jurek Jatowtt startete als erster Judoka der Ask\u00f6 Wels bei den Olympischen Spielen in Montreal, wo er allerdings vorzeitig ausschied.<\/p>\n<p><strong>1975:<\/strong><\/p>\n<p>In Zusammenarbeit mit der Welser Zeitung startet <a href=\"https:\/\/judo-wels.at\/player\/reizelsdorfer-willhelm\">Willi Reizelsdorfer<\/a> die gro\u00df angelegte Judokurs-Aktion f\u00fcr Anf\u00e4nger.<\/p>\n<p><strong>1974:<\/strong><\/p>\n<p><a href=\"https:\/\/judo-wels.at\/player\/reizelsdorfer-willhelm\">Willi Reizelsdorfer<\/a> erk\u00e4mpft als erster Welser bei einer Europameisterschaft eine Medaille: Silber bei der Junioren-EM in Tel Aviv.<\/p>\n<p><strong>1973:<\/strong><\/p>\n<p>Spaltung der Judosektion im ATSV Wels. Der Polizeisportverein Wels gr\u00fcndet unter der Leitung von Helmut Kirchweger und Max Purtauf eine Judosektion. In Wels findet die erste Frauen-Staatsmeisterschaft statt.<\/p>\n<p><strong>1971:<\/strong><\/p>\n<p>Unter der sportlichen Leitung von Kieninger und Eder gelingt der Aufstieg in die Staatsliga.<\/p>\n<p><strong>1970:<\/strong><\/p>\n<p>ATSV Wels wird unter Sektionsleiter Alfred Tober Mannschafts-Landesmeister.<\/p>\n<p><strong>1966:<\/strong><\/p>\n<p>Alfred Eder ist die n\u00e4chste Verst\u00e4rkung f\u00fcr die aufstrebende Judosektion.<\/p>\n<p><strong>1961:<\/strong><\/p>\n<p>Hans Kieninger st\u00f6\u00dft zum ATSV Wels.<\/p>\n<p><strong>1955:<\/strong><\/p>\n<p>Gr\u00fcndung der Sektion Judo beim ATSV Wels durch Johann Urhofer, Johann Obermair und Otto Drugowitsch. Erste Trainer waren Kurt Schaffhauser, Peter Kuwelka und Fritz Wittberger.<\/p>\n","protected":false},"excerpt":{"rendered":"<p>2016: Multikraft Wels erreicht das Final 4 der \u00f6sterreichischen Bundesliga und belegt Platz 3. Mit der FH O\u00d6 konnte ein weiterer gro\u00dfer Sponsor gefunden werden. 2000: Beim Frauen-Weltturnier in Fukuoka [&hellip;]<\/p>\n","protected":false},"author":1,"featured_media":0,"parent":0,"menu_order":0,"comment_status":"closed","ping_status":"closed","template":"","meta":{"_monsterinsights_skip_tracking":false,"_monsterinsights_sitenote_active":false,"_monsterinsights_sitenote_note":"","_monsterinsights_sitenote_category":0,"footnotes":""},"class_list":["post-57","page","type-page","status-publish","hentry"],"aioseo_notices":[],"_links":{"self":[{"href":"https:\/\/judo-wels.at\/index.php?rest_route=\/wp\/v2\/pages\/57","targetHints":{"allow":["GET"]}}],"collection":[{"href":"https:\/\/judo-wels.at\/index.php?rest_route=\/wp\/v2\/pages"}],"about":[{"href":"https:\/\/judo-wels.at\/index.php?rest_route=\/wp\/v2\/types\/page"}],"author":[{"embeddable":true,"href":"https:\/\/judo-wels.at\/index.php?rest_route=\/wp\/v2\/users\/1"}],"replies":[{"embeddable":true,"href":"https:\/\/judo-wels.at\/index.php?rest_route=%2Fwp%2Fv2%2Fcomments&post=57"}],"version-history":[{"count":5,"href":"https:\/\/judo-wels.at\/index.php?rest_route=\/wp\/v2\/pages\/57\/revisions"}],"predecessor-version":[{"id":900,"href":"https:\/\/judo-wels.at\/index.php?rest_route=\/wp\/v2\/pages\/57\/revisions\/900"}],"wp:attachment":[{"href":"https:\/\/judo-wels.at\/index.php?rest_route=%2Fwp%2Fv2%2Fmedia&parent=57"}],"curies":[{"name":"wp","href":"https:\/\/api.w.org\/{rel}","templated":true}]}}