{"id":1098,"date":"2018-07-03T21:36:54","date_gmt":"2018-07-03T19:36:54","guid":{"rendered":"https:\/\/judo-wels.at\/?page_id=1098"},"modified":"2018-07-04T09:52:56","modified_gmt":"2018-07-04T07:52:56","slug":"welser-judotage-2018","status":"publish","type":"page","link":"https:\/\/judo-wels.at\/?page_id=1098","title":{"rendered":"Welser Judotage 2018"},"content":{"rendered":"<h3><u>Samstag, 13. Oktober<\/u><\/h3>\n<p><strong>Sporthalle Lichtenegg, Dragonerstra\u00dfe 50<\/strong><\/p>\n<p>14.00 Uhr \u00a0 \u00a0 \u00a0 \u00a0 \u00a0 \u00a0 \u00a0 \u00a0 \u00a0 Nennung f\u00fcr G\u00fcrtelpr\u00fcfung<\/p>\n<p>14.30 Uhr \u00a0 \u00a0 \u00a0 \u00a0 \u00a0 \u00a0 \u00a0 \u00a0 \u00a0 Beginn der <strong>Gelbgurt-Pr\u00fcfung<\/strong><\/p>\n<p>&nbsp;<\/p>\n<p>15.00 Uhr \u00a0 \u00a0 \u00a0 \u00a0 \u00a0 \u00a0 \u00a0 \u00a0 \u00a0 \u00a0Nennung und Abwaage f\u00fcr Stadtmeisterschaft<\/p>\n<p>16.00 Uhr\u00a0\u00a0\u00a0\u00a0\u00a0\u00a0\u00a0\u00a0\u00a0\u00a0\u00a0\u00a0\u00a0\u00a0\u00a0\u00a0\u00a0\u00a0\u00a0 Kampfbeginn\u00a0<strong>Stadtmeisterschaft<\/strong><\/p>\n<p>18.00 Uhr\u00a0\u00a0\u00a0\u00a0\u00a0\u00a0\u00a0\u00a0\u00a0\u00a0\u00a0\u00a0\u00a0\u00a0\u00a0\u00a0\u00a0\u00a0\u00a0 Siegerehrung Stadtmeisterschaft<\/p>\n<p>18.30 Uhr\u00a0\u00a0\u00a0\u00a0\u00a0\u00a0\u00a0\u00a0\u00a0\u00a0\u00a0\u00a0\u00a0\u00a0\u00a0\u00a0\u00a0\u00a0\u00a0 Abwaage <strong>M\u00e4nner-Landesliga Meisterschaftskampf<\/strong><\/p>\n<p>LZ Multikraft Wels \u2013 SV Gallneukirchen<\/p>\n<p>19.00 Uhr\u00a0\u00a0\u00a0\u00a0\u00a0\u00a0\u00a0\u00a0\u00a0\u00a0\u00a0\u00a0\u00a0\u00a0\u00a0\u00a0\u00a0\u00a0\u00a0 Kampfbeginn Landesliga-Mannschaft<\/p>\n<p>20.15 Uhr\u00a0\u00a0\u00a0\u00a0\u00a0\u00a0\u00a0\u00a0\u00a0\u00a0 \u00a0\u00a0\u00a0\u00a0\u00a0\u00a0\u00a0\u00a0 Kampfende<\/p>\n<p>&nbsp;<\/p>\n<h3><u>Sonntag, 14. Oktober<\/u><\/h3>\n<p><strong>Sporthalle Lichtenegg, Dragonerstra\u00dfe 50<\/strong><\/p>\n<p>10.15 Uhr\u00a0\u00a0\u00a0\u00a0\u00a0\u00a0\u00a0\u00a0\u00a0\u00a0\u00a0\u00a0\u00a0\u00a0\u00a0\u00a0\u00a0\u00a0\u00a0 Er\u00f6ffnung 26. Int. Colop-Masters<\/p>\n<p>10.30 Uhr\u00a0\u00a0\u00a0\u00a0\u00a0\u00a0\u00a0\u00a0\u00a0\u00a0\u00a0\u00a0\u00a0\u00a0\u00a0\u00a0\u00a0\u00a0\u00a0 Kampfbeginn<strong>Colop-Masters<\/strong><\/p>\n<p>ca. 18 Uhr \u00a0 \u00a0 \u00a0 \u00a0 \u00a0 \u00a0 \u00a0 \u00a0 \u00a0 Ende der K\u00e4mpfe<\/p>\n<p>&nbsp;<\/p>\n<h3><u>Mittwoch, 17. Oktober<\/u><\/h3>\n<p><strong>Budokan Wels, Pulverturmstra\u00dfe 5<\/strong><\/p>\n<h4>Kostenloser <strong>Judo-Schnuppertag!!!<\/strong><\/h4>\n<p>16.30 &#8211; 17.15 Uhr\u00a0\u00a0\u00a0\u00a0\u00a0\u00a0\u00a0 Kinder (5 bis 7 Jahre)<\/p>\n<p>17.30 &#8211; 18.30 Uhr\u00a0\u00a0\u00a0\u00a0\u00a0\u00a0\u00a0 Sch\u00fcler (8 bis 13 Jahre)<\/p>\n<p>18.30 &#8211; 19.30 Uhr \u00a0 \u00a0 \u00a0 \u00a0<strong>Judo-Selbstverteidigung:<\/strong> Jugendliche, Frauen und M\u00e4nner (alle Altersklassen)<\/p>\n<h3><\/h3>\n<h3><u>Mittwoch, 24. Oktober<\/u><\/h3>\n<p><strong>Budokan Wels, Pulverturmstra\u00dfe 5<\/strong><\/p>\n<p>Start <strong>Judo-Anf\u00e4ngerkurse\u00a0<\/strong>(Zeiten wie Schnuppertag am 17. Oktober)<\/p>\n<p>Kurs-Einstieg ist am Mittwoch, 31. Oktober, noch m\u00f6glich<\/p>\n<p>Gerade im Hinblick auf eine <strong>effektive Selbstverteidigung<\/strong> eignet sich Judo auch f\u00fcr <strong>erwachsene Anf\u00e4nger\u00a0<\/strong>und trainiert Kraft, Beweglichkeit und K\u00f6rpergef\u00fchl!<\/p>\n<p>&nbsp;<\/p>\n<p><strong><u>Zust\u00e4ndige Trainer Judo-LZ Multikraft Wels <\/u><\/strong><u>(<\/u><a href=\"http:\/\/www.judo-wels.at\/\">www.judo-wels.at<\/a>)<strong><u>:<\/u><\/strong><\/p>\n<p>Kurt Haidinger (<strong>G\u00fcrtelpr\u00fcfungen und Judo-Selbstverteidigung<\/strong>), Tel. 0664-88492526<\/p>\n<p>Willi Reizelsdorfer (<strong>Judokurse, Stadtmeisterschaft<\/strong>), Tel. 0664-73669584<\/p>\n<p>Helmut Riegl (<strong>Stadtmeisterschaft, Colop-Masters<\/strong>), Tel. 0650-5353636<\/p>\n","protected":false},"excerpt":{"rendered":"<p>Samstag, 13. Oktober Sporthalle Lichtenegg, Dragonerstra\u00dfe 50 14.00 Uhr \u00a0 \u00a0 \u00a0 \u00a0 \u00a0 \u00a0 \u00a0 \u00a0 \u00a0 Nennung f\u00fcr G\u00fcrtelpr\u00fcfung 14.30 Uhr \u00a0 \u00a0 \u00a0 \u00a0 \u00a0 \u00a0 \u00a0 [&hellip;]<\/p>\n","protected":false},"author":1,"featured_media":0,"parent":0,"menu_order":0,"comment_status":"closed","ping_status":"closed","template":"","meta":{"_monsterinsights_skip_tracking":false,"_monsterinsights_sitenote_active":false,"_monsterinsights_sitenote_note":"","_monsterinsights_sitenote_category":0,"footnotes":""},"class_list":["post-1098","page","type-page","status-publish","hentry"],"aioseo_notices":[],"_links":{"self":[{"href":"https:\/\/judo-wels.at\/index.php?rest_route=\/wp\/v2\/pages\/1098","targetHints":{"allow":["GET"]}}],"collection":[{"href":"https:\/\/judo-wels.at\/index.php?rest_route=\/wp\/v2\/pages"}],"about":[{"href":"https:\/\/judo-wels.at\/index.php?rest_route=\/wp\/v2\/types\/page"}],"author":[{"embeddable":true,"href":"https:\/\/judo-wels.at\/index.php?rest_route=\/wp\/v2\/users\/1"}],"replies":[{"embeddable":true,"href":"https:\/\/judo-wels.at\/index.php?rest_route=%2Fwp%2Fv2%2Fcomments&post=1098"}],"version-history":[{"count":3,"href":"https:\/\/judo-wels.at\/index.php?rest_route=\/wp\/v2\/pages\/1098\/revisions"}],"predecessor-version":[{"id":1105,"href":"https:\/\/judo-wels.at\/index.php?rest_route=\/wp\/v2\/pages\/1098\/revisions\/1105"}],"wp:attachment":[{"href":"https:\/\/judo-wels.at\/index.php?rest_route=%2Fwp%2Fv2%2Fmedia&parent=1098"}],"curies":[{"name":"wp","href":"https:\/\/api.w.org\/{rel}","templated":true}]}}